{"id":962,"date":"2021-04-16T21:49:52","date_gmt":"2021-04-16T19:49:52","guid":{"rendered":"https:\/\/www.zeltplatz-waldesruh.de\/?page_id=962"},"modified":"2021-04-16T22:15:01","modified_gmt":"2021-04-16T20:15:01","slug":"zeltplatzordnung","status":"publish","type":"page","link":"https:\/\/www.zeltplatz-waldesruh.de\/?page_id=962","title":{"rendered":"Zeltplatzordnung"},"content":{"rendered":"\t\t<div data-elementor-type=\"wp-page\" data-elementor-id=\"962\" class=\"elementor elementor-962\">\n\t\t\t\t\t\t<section class=\"elementor-section elementor-top-section elementor-element elementor-element-368a79b elementor-section-boxed elementor-section-height-default elementor-section-height-default\" data-id=\"368a79b\" data-element_type=\"section\">\n\t\t\t\t\t\t<div class=\"elementor-container elementor-column-gap-default\">\n\t\t\t\t\t<div class=\"elementor-column elementor-col-100 elementor-top-column elementor-element elementor-element-0f0c230\" data-id=\"0f0c230\" data-element_type=\"column\">\n\t\t\t<div class=\"elementor-widget-wrap elementor-element-populated\">\n\t\t\t\t\t\t<div class=\"elementor-element elementor-element-8afc1b6 elementor-widget elementor-widget-text-editor\" data-id=\"8afc1b6\" data-element_type=\"widget\" data-widget_type=\"text-editor.default\">\n\t\t\t\t<div class=\"elementor-widget-container\">\n\t\t\t\t\t\t\t\t\t<h1><u>Zeltplatzordnung<\/u><\/h1><p><b>Gegenseitige R\u00fccksichtnahme, einsichtsvolles Einordnen in die Gemeinschaft und vern\u00fcftiges Verhalten in und au\u00dferhalb des Zeltplatzes sollten f\u00fcr jeden vern\u00fcftigen Menschen selbstverst\u00e4ndlich sein.<\/b><\/p><p><b>Nur wenn folgende Regeln beachtet werden,ist gew\u00e4hrleistet, das der Zeltplatz in dieser romantischen Lage auch in Zukunft benutzt werden kann.<\/b><\/p><h3><b>1.Ordnung und Sauberkeit<\/b><\/h3><p><b>Der Platz ist sauber und ordentlich zu verlassen.<\/b><\/p><p><b>Die WC\u00b4s sollen ordentlich und sauber verlassen werden.<\/b><\/p><p><b>Der M\u00fcll muss vom Zeltplatzmieter selbst getrennt und weggebracht werden, und darf nicht im Wald vergraben werden.<\/b><\/p><p><b>M\u00fclls\u00e4cke sind bei uns oder in der Stadtverwaltung Waischenfeld zu erhalten.<\/b><\/p><h3><b>2. Gefahr durch Feuer<\/b><\/h3><p><b>Das Rauchen im Wald, sowie das Abbrennen von Feuerwerksk\u00f6rpern ist strengstens verboten!!!<\/b><\/p><p><b>Lagerfeuer d\u00fcrfen nicht zu gro\u00df gesch\u00fcrt werden, da Waldbrandgefahr durch Funkenflug besteht.<\/b><\/p><p><b>Das Abmachen von Holz darf nur mit Einverst\u00e4ndnis des Benutzers erfolgen.<\/b><\/p><p><b>Wer B\u00e4ume f\u00e4llt, muss mit einer Verwarnungsstrafe und Anzeige rechnen.<\/b><\/p><h3><b>3. Weitere Verhaltensregeln<\/b><\/h3><p><b>Schonungen (Kleinwald) d\u00fcrfen nicht betreten werden!<\/b><\/p><p><b>Ab 22.00 Uhr ist Ruhe zu halten. Keine Nachtwanderungen!<\/b><\/p><p><b>Auch das Wild braucht seine Ruhe.<\/b><\/p><p><b>F\u00fcr Schadensf\u00e4lle, sowie Unf\u00e4llen auf Pl\u00e4tzen und Wegen haften die Zeltplatzmieter selbst.<\/b><\/p><p><b>Wer gegen diese Anordnung handelt, muss mit dem Abbruch des Zeltlagers rechnen und hat den vollen Preis zu bezahlen. Nur wenn Sie den Platz so verlassen, wie sie ihn auffinden, kann der in der Preisliste angegebene Preis gehalten und der Campingplatz auch weiterhin Campingfreunden zu Verf\u00fcgung gestellt werden.<\/b><\/p>\t\t\t\t\t\t\t\t<\/div>\n\t\t\t\t<\/div>\n\t\t\t\t\t<\/div>\n\t\t<\/div>\n\t\t\t\t\t<\/div>\n\t\t<\/section>\n\t\t\t\t<\/div>\n\t\t","protected":false},"excerpt":{"rendered":"<p>Zeltplatzordnung Gegenseitige R\u00fccksichtnahme, einsichtsvolles Einordnen in die Gemeinschaft und vern\u00fcftiges Verhalten in und au\u00dferhalb des Zeltplatzes sollten f\u00fcr jeden vern\u00fcftigen Menschen selbstverst\u00e4ndlich sein. Nur wenn folgende Regeln beachtet werden,ist gew\u00e4hrleistet, das der Zeltplatz in dieser romantischen Lage auch in Zukunft benutzt werden kann. 1.Ordnung und Sauberkeit Der Platz ist sauber und ordentlich zu verlassen. Die [&hellip;]<\/p>\n","protected":false},"author":1,"featured_media":0,"parent":0,"menu_order":0,"comment_status":"closed","ping_status":"closed","template":"","meta":{"ocean_post_layout":"","ocean_both_sidebars_style":"","ocean_both_sidebars_content_width":0,"ocean_both_sidebars_sidebars_width":0,"ocean_sidebar":"0","ocean_second_sidebar":"0","ocean_disable_margins":"enable","ocean_add_body_class":"","ocean_shortcode_before_top_bar":"","ocean_shortcode_after_top_bar":"","ocean_shortcode_before_header":"","ocean_shortcode_after_header":"","ocean_has_shortcode":"","ocean_shortcode_after_title":"","ocean_shortcode_before_footer_widgets":"","ocean_shortcode_after_footer_widgets":"","ocean_shortcode_before_footer_bottom":"","ocean_shortcode_after_footer_bottom":"","ocean_display_top_bar":"default","ocean_display_header":"default","ocean_header_style":"","ocean_center_header_left_menu":"0","ocean_custom_header_template":"0","ocean_custom_logo":0,"ocean_custom_retina_logo":0,"ocean_custom_logo_max_width":0,"ocean_custom_logo_tablet_max_width":0,"ocean_custom_logo_mobile_max_width":0,"ocean_custom_logo_max_height":0,"ocean_custom_logo_tablet_max_height":0,"ocean_custom_logo_mobile_max_height":0,"ocean_header_custom_menu":"0","ocean_menu_typo_font_family":"0","ocean_menu_typo_font_subset":"","ocean_menu_typo_font_size":0,"ocean_menu_typo_font_size_tablet":0,"ocean_menu_typo_font_size_mobile":0,"ocean_menu_typo_font_size_unit":"px","ocean_menu_typo_font_weight":"","ocean_menu_typo_font_weight_tablet":"","ocean_menu_typo_font_weight_mobile":"","ocean_menu_typo_transform":"","ocean_menu_typo_transform_tablet":"","ocean_menu_typo_transform_mobile":"","ocean_menu_typo_line_height":0,"ocean_menu_typo_line_height_tablet":0,"ocean_menu_typo_line_height_mobile":0,"ocean_menu_typo_line_height_unit":"","ocean_menu_typo_spacing":0,"ocean_menu_typo_spacing_tablet":0,"ocean_menu_typo_spacing_mobile":0,"ocean_menu_typo_spacing_unit":"","ocean_menu_link_color":"","ocean_menu_link_color_hover":"","ocean_menu_link_color_active":"","ocean_menu_link_background":"","ocean_menu_link_hover_background":"","ocean_menu_link_active_background":"","ocean_menu_social_links_bg":"","ocean_menu_social_hover_links_bg":"","ocean_menu_social_links_color":"","ocean_menu_social_hover_links_color":"","ocean_disable_title":"default","ocean_disable_heading":"default","ocean_post_title":"","ocean_post_subheading":"","ocean_post_title_style":"","ocean_post_title_background_color":"","ocean_post_title_background":0,"ocean_post_title_bg_image_position":"","ocean_post_title_bg_image_attachment":"","ocean_post_title_bg_image_repeat":"","ocean_post_title_bg_image_size":"","ocean_post_title_height":0,"ocean_post_title_bg_overlay":0.5,"ocean_post_title_bg_overlay_color":"","ocean_disable_breadcrumbs":"default","ocean_breadcrumbs_color":"","ocean_breadcrumbs_separator_color":"","ocean_breadcrumbs_links_color":"","ocean_breadcrumbs_links_hover_color":"","ocean_display_footer_widgets":"default","ocean_display_footer_bottom":"default","ocean_custom_footer_template":"0","footnotes":""},"class_list":["post-962","page","type-page","status-publish","hentry","entry"],"_links":{"self":[{"href":"https:\/\/www.zeltplatz-waldesruh.de\/index.php?rest_route=\/wp\/v2\/pages\/962","targetHints":{"allow":["GET"]}}],"collection":[{"href":"https:\/\/www.zeltplatz-waldesruh.de\/index.php?rest_route=\/wp\/v2\/pages"}],"about":[{"href":"https:\/\/www.zeltplatz-waldesruh.de\/index.php?rest_route=\/wp\/v2\/types\/page"}],"author":[{"embeddable":true,"href":"https:\/\/www.zeltplatz-waldesruh.de\/index.php?rest_route=\/wp\/v2\/users\/1"}],"replies":[{"embeddable":true,"href":"https:\/\/www.zeltplatz-waldesruh.de\/index.php?rest_route=%2Fwp%2Fv2%2Fcomments&post=962"}],"version-history":[{"count":8,"href":"https:\/\/www.zeltplatz-waldesruh.de\/index.php?rest_route=\/wp\/v2\/pages\/962\/revisions"}],"predecessor-version":[{"id":1184,"href":"https:\/\/www.zeltplatz-waldesruh.de\/index.php?rest_route=\/wp\/v2\/pages\/962\/revisions\/1184"}],"wp:attachment":[{"href":"https:\/\/www.zeltplatz-waldesruh.de\/index.php?rest_route=%2Fwp%2Fv2%2Fmedia&parent=962"}],"curies":[{"name":"wp","href":"https:\/\/api.w.org\/{rel}","templated":true}]}}