{"id":171,"date":"2016-10-30T12:40:41","date_gmt":"2016-10-30T12:40:41","guid":{"rendered":"https:\/\/oceanwp.org\/travel\/?page_id=171"},"modified":"2025-11-05T00:38:05","modified_gmt":"2025-11-04T23:38:05","slug":"home","status":"publish","type":"page","link":"https:\/\/www.zeltplatz-waldesruh.de\/","title":{"rendered":"Home"},"content":{"rendered":"\t\t<div data-elementor-type=\"wp-page\" data-elementor-id=\"171\" class=\"elementor elementor-171\">\n\t\t\t\t\t\t<section class=\"elementor-section elementor-top-section elementor-element elementor-element-8336381 elementor-section-boxed elementor-section-height-default elementor-section-height-default\" data-id=\"8336381\" data-element_type=\"section\">\n\t\t\t\t\t\t<div class=\"elementor-container elementor-column-gap-default\">\n\t\t\t\t\t<div class=\"elementor-column elementor-col-100 elementor-top-column elementor-element elementor-element-7e9b580\" data-id=\"7e9b580\" data-element_type=\"column\">\n\t\t\t<div class=\"elementor-widget-wrap elementor-element-populated\">\n\t\t\t\t\t\t<div class=\"elementor-element elementor-element-5ab793a elementor-widget elementor-widget-heading\" data-id=\"5ab793a\" data-element_type=\"widget\" data-widget_type=\"heading.default\">\n\t\t\t\t<div class=\"elementor-widget-container\">\n\t\t\t\t\t<h2 class=\"elementor-heading-title elementor-size-default\">Herzlich Willkommen am Zeltplatz Waldesruh !<\/h2>\t\t\t\t<\/div>\n\t\t\t\t<\/div>\n\t\t\t\t\t<\/div>\n\t\t<\/div>\n\t\t\t\t\t<\/div>\n\t\t<\/section>\n\t\t\t\t<section class=\"elementor-section elementor-top-section elementor-element elementor-element-cdd8205 elementor-section-boxed elementor-section-height-default elementor-section-height-default\" data-id=\"cdd8205\" data-element_type=\"section\">\n\t\t\t\t\t\t<div class=\"elementor-container elementor-column-gap-default\">\n\t\t\t\t\t<div class=\"elementor-column elementor-col-100 elementor-top-column elementor-element elementor-element-fe73637\" data-id=\"fe73637\" data-element_type=\"column\">\n\t\t\t<div class=\"elementor-widget-wrap elementor-element-populated\">\n\t\t\t\t\t\t<div class=\"elementor-element elementor-element-58373a5 elementor-widget elementor-widget-image\" data-id=\"58373a5\" data-element_type=\"widget\" data-widget_type=\"image.default\">\n\t\t\t\t<div class=\"elementor-widget-container\">\n\t\t\t\t\t\t\t\t\t\t\t\t\t\t\t<img fetchpriority=\"high\" decoding=\"async\" width=\"674\" height=\"448\" src=\"https:\/\/www.zeltplatz-waldesruh.de\/wp-content\/uploads\/2021\/05\/rom_7645_unbenannt.jpg\" class=\"attachment-large size-large wp-image-1321\" alt=\"\" srcset=\"https:\/\/www.zeltplatz-waldesruh.de\/wp-content\/uploads\/2021\/05\/rom_7645_unbenannt.jpg 674w, https:\/\/www.zeltplatz-waldesruh.de\/wp-content\/uploads\/2021\/05\/rom_7645_unbenannt-300x199.jpg 300w\" sizes=\"(max-width: 674px) 100vw, 674px\" \/>\t\t\t\t\t\t\t\t\t\t\t\t\t\t\t<\/div>\n\t\t\t\t<\/div>\n\t\t\t\t<div class=\"elementor-element elementor-element-33d89e1 elementor-widget elementor-widget-image\" data-id=\"33d89e1\" data-element_type=\"widget\" data-widget_type=\"image.default\">\n\t\t\t\t<div class=\"elementor-widget-container\">\n\t\t\t\t\t\t\t\t\t\t\t\t\t\t\t<img decoding=\"async\" width=\"1024\" height=\"768\" src=\"https:\/\/www.zeltplatz-waldesruh.de\/wp-content\/uploads\/2021\/05\/IMG-20200720-WA0033.jpg\" class=\"attachment-large size-large wp-image-1322\" alt=\"\" srcset=\"https:\/\/www.zeltplatz-waldesruh.de\/wp-content\/uploads\/2021\/05\/IMG-20200720-WA0033.jpg 1024w, https:\/\/www.zeltplatz-waldesruh.de\/wp-content\/uploads\/2021\/05\/IMG-20200720-WA0033-300x225.jpg 300w, https:\/\/www.zeltplatz-waldesruh.de\/wp-content\/uploads\/2021\/05\/IMG-20200720-WA0033-768x576.jpg 768w\" sizes=\"(max-width: 1024px) 100vw, 1024px\" \/>\t\t\t\t\t\t\t\t\t\t\t\t\t\t\t<\/div>\n\t\t\t\t<\/div>\n\t\t\t\t<div class=\"elementor-element elementor-element-559a0ec elementor-widget elementor-widget-text-editor\" data-id=\"559a0ec\" data-element_type=\"widget\" data-widget_type=\"text-editor.default\">\n\t\t\t\t<div class=\"elementor-widget-container\">\n\t\t\t\t\t\t\t\t\t<h2><strong style=\"font-family: &quot;Open Sans&quot;; font-size: 20px;\">Der Zeltplatz &#8222;Waldesruh&#8220; bietet Ihnen ein reiches<\/strong><br><\/h2>\n<h2><strong>Angebot an Natur Pur und Freizeitm\u00f6glichkeiten.<\/strong><\/h2>\n<h2><strong>Hier in der Fr\u00e4nkischen Schweiz finden Sie diese<\/strong><\/h2>\n<h2><strong>M\u00f6glichkeiten um reizvolle Natur hautnah mitzuerleben.<\/strong><\/h2>\n<h2><strong>Die nahe gelegene Wiesent, ein beschaulicher<\/strong><\/h2>\n<h2><strong>Wanderfluss, bietet Ihnen die M\u00f6glichkeit eine<\/strong><\/h2>\n<h2><strong>Bootstour mit Mietsbooten in Doos zu unternehmen,<\/strong><\/h2>\n<h2><strong>oder Sie gehen ca. 10 min. vom Zeltplatz Waldesruh zur<\/strong><\/h2>\n<h2><strong>nahegelegenen Burg Rabeneck um eine der sch\u00f6nsten<\/strong><\/h2>\n<h2><strong>Aussichten ins Wiesentthal zu genie\u00dfen.<\/strong><\/h2>\n<h2><strong>Des weiteren k\u00f6nnen Sie auch in unserer Umgebung&nbsp;<\/strong><\/h2>\n<h2><strong>Interessante Ziele besuchen:<\/strong><\/h2>\n<h2>&nbsp;<strong style=\"font-family: &quot;Open Sans&quot;; font-size: 20px;\">N\u00e4heres finden sie unter der Rubrik Freizeit!<\/strong><\/h2>\n<h2><strong style=\"font-family: &quot;Open Sans&quot;; font-size: 20px;\">Auch bieten sich umfangreiche Rad- und Wanderwege an,<\/strong><br><\/h2>\n<h2><strong style=\"font-family: &quot;Open Sans&quot;; font-size: 20px;\">die die Sch\u00f6nheit unserer Heimat zeigen.<\/strong><br><\/h2>\n<h2><strong style=\"font-family: &quot;Open Sans&quot;; font-size: 20px;\">Seltene Pflanzen, sowie eine reiche Tierwelt und<\/strong><br><\/h2>\n<h2><strong style=\"font-family: &quot;Open Sans&quot;; font-size: 20px;\">die landschaftliche Sch\u00f6nheit der Fr\u00e4nkischen Schweiz,<\/strong><br><\/h2>\n<h2><strong style=\"font-family: &quot;Open Sans&quot;; font-size: 20px;\">bieten Ihnen ein einzigartiges Naturerlebnis.<\/strong><br><\/h2>\n<h2><strong style=\"font-family: &quot;Open Sans&quot;; font-size: 20px;\">Kletterfelsen, und H\u00f6hlen sind in der Fr\u00e4nkischen Schweiz<\/strong><br><\/h2>\n<h2><strong style=\"font-family: &quot;Open Sans&quot;; font-size: 20px;\">keine Seltenheit und geh\u00f6ren zu einem zus\u00e4tzlichen<\/strong><br><\/h2>\n<h2><strong style=\"font-family: &quot;Open Sans&quot;; font-size: 20px;\">Erlebnis f\u00fcr fast alle Altersgruppen.<\/strong><br><\/h2>\n<h2><strong style=\"font-family: &quot;Open Sans&quot;; font-size: 20px;\">K\u00fcchenhalle, sowie Toiletten und Warmwasserduschen<\/strong><br><\/h2>\n<h2>&nbsp;<strong style=\"font-family: &quot;Open Sans&quot;; font-size: 20px;\">(Behindertengerecht)<\/strong><\/h2>\n<h2>&nbsp;<strong style=\"font-family: &quot;Open Sans&quot;; font-size: 20px;\">sind am Zeltplatz vorhanden und reichen auch<\/strong><\/h2>\n<h2><strong style=\"font-family: &quot;Open Sans&quot;; font-size: 20px;\">f\u00fcr gro\u00dfe Gruppen aus.<\/strong><br><\/h2>\n<h2>&nbsp;<strong style=\"font-family: &quot;Open Sans&quot;; font-size: 20px;\">Zeltplatzordnung &#8211; Siehe unter Info!<\/strong><\/h2>\n<h2><strong style=\"font-family: &quot;Open Sans&quot;; font-size: 20px;\">Viel Spass.<\/strong><\/h2>\t\t\t\t\t\t\t\t<\/div>\n\t\t\t\t<\/div>\n\t\t\t\t<div class=\"elementor-element elementor-element-586b15d elementor-widget elementor-widget-image\" data-id=\"586b15d\" data-element_type=\"widget\" data-widget_type=\"image.default\">\n\t\t\t\t<div class=\"elementor-widget-container\">\n\t\t\t\t\t\t\t\t\t\t\t\t\t\t\t<img fetchpriority=\"high\" decoding=\"async\" width=\"674\" height=\"448\" src=\"https:\/\/www.zeltplatz-waldesruh.de\/wp-content\/uploads\/2021\/05\/rom_7645_unbenannt.jpg\" class=\"attachment-large size-large wp-image-1321\" alt=\"\" srcset=\"https:\/\/www.zeltplatz-waldesruh.de\/wp-content\/uploads\/2021\/05\/rom_7645_unbenannt.jpg 674w, https:\/\/www.zeltplatz-waldesruh.de\/wp-content\/uploads\/2021\/05\/rom_7645_unbenannt-300x199.jpg 300w\" sizes=\"(max-width: 674px) 100vw, 674px\" \/>\t\t\t\t\t\t\t\t\t\t\t\t\t\t\t<\/div>\n\t\t\t\t<\/div>\n\t\t\t\t<div class=\"elementor-element elementor-element-1d26d80 elementor-widget elementor-widget-video\" data-id=\"1d26d80\" data-element_type=\"widget\" data-settings=\"{&quot;youtube_url&quot;:&quot;https:\\\/\\\/www.youtube.com\\\/watch?v=kRjA9gTQqcs&quot;,&quot;video_type&quot;:&quot;youtube&quot;,&quot;controls&quot;:&quot;yes&quot;}\" data-widget_type=\"video.default\">\n\t\t\t\t<div class=\"elementor-widget-container\">\n\t\t\t\t\t\t\t<div class=\"elementor-wrapper elementor-open-inline\">\n\t\t\t<div class=\"elementor-video\"><\/div>\t\t<\/div>\n\t\t\t\t\t\t<\/div>\n\t\t\t\t<\/div>\n\t\t\t\t<div class=\"elementor-element elementor-element-0e68207 elementor-widget elementor-widget-text-editor\" data-id=\"0e68207\" data-element_type=\"widget\" data-widget_type=\"text-editor.default\">\n\t\t\t\t<div class=\"elementor-widget-container\">\n\t\t\t\t\t\t\t\t\t<p><a href=\"http:\/\/www.fewo-eichenbirkig34.de\" target=\"_blank\" rel=\"noopener\"><strong>JETZT Neu<\/strong><\/a><\/p><p><a href=\"http:\/\/www.fewo-eichenbirkig34.de\" target=\"_blank\" rel=\"noopener\"><strong>Ferienwohnung zu Mieten<\/strong><\/a><\/p>\t\t\t\t\t\t\t\t<\/div>\n\t\t\t\t<\/div>\n\t\t\t\t<div class=\"elementor-element elementor-element-c992465 elementor-widget elementor-widget-image\" data-id=\"c992465\" data-element_type=\"widget\" data-widget_type=\"image.default\">\n\t\t\t\t<div class=\"elementor-widget-container\">\n\t\t\t\t\t\t\t\t\t\t\t\t<figure class=\"wp-caption\">\n\t\t\t\t\t\t\t\t\t\t\t<a href=\"http:\/\/www.fewo-eichenbirkig34.de\" target=\"_blank\">\n\t\t\t\t\t\t\t<img decoding=\"async\" width=\"1024\" height=\"680\" src=\"https:\/\/www.zeltplatz-waldesruh.de\/wp-content\/uploads\/2022\/10\/2022-10-06_17-20-50_222-1024x680.jpg\" class=\"attachment-large size-large wp-image-1510\" alt=\"\" srcset=\"https:\/\/www.zeltplatz-waldesruh.de\/wp-content\/uploads\/2022\/10\/2022-10-06_17-20-50_222-1024x680.jpg 1024w, https:\/\/www.zeltplatz-waldesruh.de\/wp-content\/uploads\/2022\/10\/2022-10-06_17-20-50_222-300x199.jpg 300w, https:\/\/www.zeltplatz-waldesruh.de\/wp-content\/uploads\/2022\/10\/2022-10-06_17-20-50_222-768x510.jpg 768w, https:\/\/www.zeltplatz-waldesruh.de\/wp-content\/uploads\/2022\/10\/2022-10-06_17-20-50_222-1536x1021.jpg 1536w, https:\/\/www.zeltplatz-waldesruh.de\/wp-content\/uploads\/2022\/10\/2022-10-06_17-20-50_222-2048x1361.jpg 2048w\" sizes=\"(max-width: 1024px) 100vw, 1024px\" \/>\t\t\t\t\t\t\t\t<\/a>\n\t\t\t\t\t\t\t\t\t\t\t<figcaption class=\"widget-image-caption wp-caption-text\"><\/figcaption>\n\t\t\t\t\t\t\t\t\t\t<\/figure>\n\t\t\t\t\t\t\t\t\t<\/div>\n\t\t\t\t<\/div>\n\t\t\t\t\t<\/div>\n\t\t<\/div>\n\t\t\t\t\t<\/div>\n\t\t<\/section>\n\t\t\t\t<\/div>\n\t\t","protected":false},"excerpt":{"rendered":"<p>Herzlich Willkommen am Zeltplatz Waldesruh ! Der Zeltplatz &#8222;Waldesruh&#8220; bietet Ihnen ein reiches Angebot an Natur Pur und Freizeitm\u00f6glichkeiten. Hier in der Fr\u00e4nkischen Schweiz finden Sie diese M\u00f6glichkeiten um reizvolle Natur hautnah mitzuerleben. Die nahe gelegene Wiesent, ein beschaulicher Wanderfluss, bietet Ihnen die M\u00f6glichkeit eine Bootstour mit Mietsbooten in Doos zu unternehmen, oder Sie gehen [&hellip;]<\/p>\n","protected":false},"author":1,"featured_media":0,"parent":0,"menu_order":0,"comment_status":"closed","ping_status":"closed","template":"","meta":{"ocean_post_layout":"","ocean_both_sidebars_style":"","ocean_both_sidebars_content_width":0,"ocean_both_sidebars_sidebars_width":0,"ocean_sidebar":"0","ocean_second_sidebar":"0","ocean_disable_margins":"enable","ocean_add_body_class":"","ocean_shortcode_before_top_bar":"","ocean_shortcode_after_top_bar":"","ocean_shortcode_before_header":"","ocean_shortcode_after_header":"","ocean_has_shortcode":"","ocean_shortcode_after_title":"","ocean_shortcode_before_footer_widgets":"","ocean_shortcode_after_footer_widgets":"","ocean_shortcode_before_footer_bottom":"","ocean_shortcode_after_footer_bottom":"","ocean_display_top_bar":"default","ocean_display_header":"default","ocean_header_style":"","ocean_center_header_left_menu":"0","ocean_custom_header_template":"0","ocean_custom_logo":0,"ocean_custom_retina_logo":0,"ocean_custom_logo_max_width":0,"ocean_custom_logo_tablet_max_width":0,"ocean_custom_logo_mobile_max_width":0,"ocean_custom_logo_max_height":0,"ocean_custom_logo_tablet_max_height":0,"ocean_custom_logo_mobile_max_height":0,"ocean_header_custom_menu":"0","ocean_menu_typo_font_family":"0","ocean_menu_typo_font_subset":"","ocean_menu_typo_font_size":0,"ocean_menu_typo_font_size_tablet":0,"ocean_menu_typo_font_size_mobile":0,"ocean_menu_typo_font_size_unit":"px","ocean_menu_typo_font_weight":"","ocean_menu_typo_font_weight_tablet":"","ocean_menu_typo_font_weight_mobile":"","ocean_menu_typo_transform":"","ocean_menu_typo_transform_tablet":"","ocean_menu_typo_transform_mobile":"","ocean_menu_typo_line_height":0,"ocean_menu_typo_line_height_tablet":0,"ocean_menu_typo_line_height_mobile":0,"ocean_menu_typo_line_height_unit":"","ocean_menu_typo_spacing":0,"ocean_menu_typo_spacing_tablet":0,"ocean_menu_typo_spacing_mobile":0,"ocean_menu_typo_spacing_unit":"","ocean_menu_link_color":"","ocean_menu_link_color_hover":"","ocean_menu_link_color_active":"","ocean_menu_link_background":"","ocean_menu_link_hover_background":"","ocean_menu_link_active_background":"","ocean_menu_social_links_bg":"","ocean_menu_social_hover_links_bg":"","ocean_menu_social_links_color":"","ocean_menu_social_hover_links_color":"","ocean_disable_title":"default","ocean_disable_heading":"default","ocean_post_title":"","ocean_post_subheading":"","ocean_post_title_style":"default","ocean_post_title_background_color":"","ocean_post_title_background":0,"ocean_post_title_bg_image_position":"","ocean_post_title_bg_image_attachment":"","ocean_post_title_bg_image_repeat":"","ocean_post_title_bg_image_size":"","ocean_post_title_height":0,"ocean_post_title_bg_overlay":0.5,"ocean_post_title_bg_overlay_color":"","ocean_disable_breadcrumbs":"default","ocean_breadcrumbs_color":"","ocean_breadcrumbs_separator_color":"","ocean_breadcrumbs_links_color":"","ocean_breadcrumbs_links_hover_color":"","ocean_display_footer_widgets":"default","ocean_display_footer_bottom":"default","ocean_custom_footer_template":"0","footnotes":""},"class_list":["post-171","page","type-page","status-publish","hentry","entry"],"_links":{"self":[{"href":"https:\/\/www.zeltplatz-waldesruh.de\/index.php?rest_route=\/wp\/v2\/pages\/171","targetHints":{"allow":["GET"]}}],"collection":[{"href":"https:\/\/www.zeltplatz-waldesruh.de\/index.php?rest_route=\/wp\/v2\/pages"}],"about":[{"href":"https:\/\/www.zeltplatz-waldesruh.de\/index.php?rest_route=\/wp\/v2\/types\/page"}],"author":[{"embeddable":true,"href":"https:\/\/www.zeltplatz-waldesruh.de\/index.php?rest_route=\/wp\/v2\/users\/1"}],"replies":[{"embeddable":true,"href":"https:\/\/www.zeltplatz-waldesruh.de\/index.php?rest_route=%2Fwp%2Fv2%2Fcomments&post=171"}],"version-history":[{"count":114,"href":"https:\/\/www.zeltplatz-waldesruh.de\/index.php?rest_route=\/wp\/v2\/pages\/171\/revisions"}],"predecessor-version":[{"id":1617,"href":"https:\/\/www.zeltplatz-waldesruh.de\/index.php?rest_route=\/wp\/v2\/pages\/171\/revisions\/1617"}],"wp:attachment":[{"href":"https:\/\/www.zeltplatz-waldesruh.de\/index.php?rest_route=%2Fwp%2Fv2%2Fmedia&parent=171"}],"curies":[{"name":"wp","href":"https:\/\/api.w.org\/{rel}","templated":true}]}}